{"id":55,"date":"2020-02-01T14:42:22","date_gmt":"2020-02-01T14:42:22","guid":{"rendered":"https:\/\/hexuploadpremium.net\/?page_id=55"},"modified":"2023-11-01T14:11:35","modified_gmt":"2023-11-01T14:11:35","slug":"affiliate","status":"publish","type":"page","link":"https:\/\/hexuploadpremium.net\/fr\/affiliate\/","title":{"rendered":"Affili\u00e9s"},"content":{"rendered":"<p>4 offers : PPD 1, PPD 2, PPS, Mix (PPD 1+ Sales\/Rebills)<\/p>\n<p>PPD 1 (Earn Up to $40 Per 1K Downloads, Download speed : 50Kb + Timer + Captcha) [*Best Choice for Affiliates who need low download speed and more sales]<br \/>\nPPD 2 (Earn Up to $70 per 10K Downloads, Unlimited Download Speed, No Captcha, No Timer, No Limit, No Premium needed) [*Best Choice for free Download purposes]<br \/>\nPPS : Earn Up to 60% of Each Sales and 50% of Each Rebills.<br \/>\nMix Plan (Mix of PPD 1 + PPS) : Earn Up to 30% of each Sales\/Rebills + 30% of PPD 1<\/p>\n<p><img loading=\"lazy\" decoding=\"async\" class=\"alignnone size-full wp-image-56\" src=\"https:\/\/hexuploadpremium.net\/wp-content\/uploads\/2020\/02\/PPD2-.png\" alt=\"hexupload ppd1\" width=\"1070\" height=\"174\" srcset=\"https:\/\/hexuploadpremium.net\/wp-content\/uploads\/2020\/02\/PPD2-.png 1070w, https:\/\/hexuploadpremium.net\/wp-content\/uploads\/2020\/02\/PPD2--300x49.png 300w, https:\/\/hexuploadpremium.net\/wp-content\/uploads\/2020\/02\/PPD2--1024x167.png 1024w, https:\/\/hexuploadpremium.net\/wp-content\/uploads\/2020\/02\/PPD2--768x125.png 768w, https:\/\/hexuploadpremium.net\/wp-content\/uploads\/2020\/02\/PPD2--100x16.png 100w, https:\/\/hexuploadpremium.net\/wp-content\/uploads\/2020\/02\/PPD2--150x24.png 150w, https:\/\/hexuploadpremium.net\/wp-content\/uploads\/2020\/02\/PPD2--200x33.png 200w, https:\/\/hexuploadpremium.net\/wp-content\/uploads\/2020\/02\/PPD2--450x73.png 450w, https:\/\/hexuploadpremium.net\/wp-content\/uploads\/2020\/02\/PPD2--600x98.png 600w, https:\/\/hexuploadpremium.net\/wp-content\/uploads\/2020\/02\/PPD2--900x146.png 900w\" sizes=\"auto, (max-width: 1070px) 100vw, 1070px\" \/><br \/>\n<img loading=\"lazy\" decoding=\"async\" class=\"alignnone size-full wp-image-57\" src=\"https:\/\/hexuploadpremium.net\/wp-content\/uploads\/2020\/02\/PPD2-Country.png\" alt=\"hexupload ppd2\" width=\"1091\" height=\"250\" srcset=\"https:\/\/hexuploadpremium.net\/wp-content\/uploads\/2020\/02\/PPD2-Country.png 1091w, https:\/\/hexuploadpremium.net\/wp-content\/uploads\/2020\/02\/PPD2-Country-300x69.png 300w, https:\/\/hexuploadpremium.net\/wp-content\/uploads\/2020\/02\/PPD2-Country-1024x235.png 1024w, https:\/\/hexuploadpremium.net\/wp-content\/uploads\/2020\/02\/PPD2-Country-768x176.png 768w, https:\/\/hexuploadpremium.net\/wp-content\/uploads\/2020\/02\/PPD2-Country-100x23.png 100w, https:\/\/hexuploadpremium.net\/wp-content\/uploads\/2020\/02\/PPD2-Country-150x34.png 150w, https:\/\/hexuploadpremium.net\/wp-content\/uploads\/2020\/02\/PPD2-Country-200x46.png 200w, https:\/\/hexuploadpremium.net\/wp-content\/uploads\/2020\/02\/PPD2-Country-450x103.png 450w, https:\/\/hexuploadpremium.net\/wp-content\/uploads\/2020\/02\/PPD2-Country-600x137.png 600w, https:\/\/hexuploadpremium.net\/wp-content\/uploads\/2020\/02\/PPD2-Country-900x206.png 900w\" sizes=\"auto, (max-width: 1091px) 100vw, 1091px\" \/><\/p>\n<p><strong>Rules and Conditions<\/strong>:<\/p>\n<p>HexUpload offer Unlimited Download\/Upload Speed.<br \/>\nHexUpload offer Unlimited Storage\/Traffic.<br \/>\nLegal Adult Content Are Allowed.<br \/>\n2 Different PPD Plans, Suitable for all kind of uploaders.<\/p>\n<p>HexUpload counts every successful completed downloads<br \/>\n<strong>Proxy<\/strong>, <strong>VPN<\/strong>, <strong>Fake\/Automated<\/strong> hits\/Traffic is Not Allowed.<br \/>\nMinimum Payout is $20 ( For new uploaders is $10)<br \/>\nHexUpload Pay Via Paypal, Webmoney, BTC<br \/>\nAccounts who try to abuse our system will be limited\/blocked.<\/p>\n<p><img loading=\"lazy\" decoding=\"async\" class=\"alignnone size-full wp-image-59\" src=\"https:\/\/hexuploadpremium.net\/wp-content\/uploads\/2020\/02\/hexupload-profit-mode.png\" alt=\"hexupload profit mode\" width=\"820\" height=\"178\" srcset=\"https:\/\/hexuploadpremium.net\/wp-content\/uploads\/2020\/02\/hexupload-profit-mode.png 820w, https:\/\/hexuploadpremium.net\/wp-content\/uploads\/2020\/02\/hexupload-profit-mode-300x65.png 300w, https:\/\/hexuploadpremium.net\/wp-content\/uploads\/2020\/02\/hexupload-profit-mode-768x167.png 768w, https:\/\/hexuploadpremium.net\/wp-content\/uploads\/2020\/02\/hexupload-profit-mode-100x22.png 100w, https:\/\/hexuploadpremium.net\/wp-content\/uploads\/2020\/02\/hexupload-profit-mode-150x33.png 150w, https:\/\/hexuploadpremium.net\/wp-content\/uploads\/2020\/02\/hexupload-profit-mode-200x43.png 200w, https:\/\/hexuploadpremium.net\/wp-content\/uploads\/2020\/02\/hexupload-profit-mode-450x98.png 450w, https:\/\/hexuploadpremium.net\/wp-content\/uploads\/2020\/02\/hexupload-profit-mode-600x130.png 600w\" sizes=\"auto, (max-width: 820px) 100vw, 820px\" \/><\/p>\n","protected":false},"excerpt":{"rendered":"<p>4 offres : PPD 1, PPD 2, PPS, Mix (PPD 1 + Ventes\/Renouvellements) PPD 1 (Gagnez jusqu&#8217;\u00e0 40 $ pour 1 000 t\u00e9l\u00e9chargements, Vitesse de t\u00e9l\u00e9chargement : 50 Ko + Minuteur + Captcha) [Le meilleur choix pour les affili\u00e9s qui &hellip;<\/p>\n<p class=\"read-more\"> <a class=\"more-link\" href=\"https:\/\/hexuploadpremium.net\/fr\/affiliate\/\"> <span class=\"screen-reader-text\">Affili\u00e9s<\/span> En lire plus &raquo;<\/a><\/p>\n","protected":false},"author":1,"featured_media":0,"parent":0,"menu_order":2,"comment_status":"closed","ping_status":"closed","template":"full-width-page.php","meta":{"footnotes":""},"class_list":["post-55","page","type-page","status-publish","hentry"],"_links":{"self":[{"href":"https:\/\/hexuploadpremium.net\/fr\/wp-json\/wp\/v2\/pages\/55","targetHints":{"allow":["GET"]}}],"collection":[{"href":"https:\/\/hexuploadpremium.net\/fr\/wp-json\/wp\/v2\/pages"}],"about":[{"href":"https:\/\/hexuploadpremium.net\/fr\/wp-json\/wp\/v2\/types\/page"}],"author":[{"embeddable":true,"href":"https:\/\/hexuploadpremium.net\/fr\/wp-json\/wp\/v2\/users\/1"}],"replies":[{"embeddable":true,"href":"https:\/\/hexuploadpremium.net\/fr\/wp-json\/wp\/v2\/comments?post=55"}],"version-history":[{"count":13,"href":"https:\/\/hexuploadpremium.net\/fr\/wp-json\/wp\/v2\/pages\/55\/revisions"}],"predecessor-version":[{"id":152,"href":"https:\/\/hexuploadpremium.net\/fr\/wp-json\/wp\/v2\/pages\/55\/revisions\/152"}],"wp:attachment":[{"href":"https:\/\/hexuploadpremium.net\/fr\/wp-json\/wp\/v2\/media?parent=55"}],"curies":[{"name":"wp","href":"https:\/\/api.w.org\/{rel}","templated":true}]}}